{"id":2690,"date":"2015-09-30T09:42:33","date_gmt":"2015-09-30T09:42:33","guid":{"rendered":"http:\/\/import.getbowtied.com\/the-retailer-v1.1\/?page_id=126"},"modified":"2016-11-18T07:07:48","modified_gmt":"2016-11-18T05:07:48","slug":"about-us-v1","status":"publish","type":"page","link":"https:\/\/www.fireboox.fr\/?page_id=2690","title":{"rendered":"Nous"},"content":{"rendered":"<section class=\"wpb-content-wrapper\"><p>[vc_row full_height=&#8221;yes&#8221; font_color=&#8221;#ffffff&#8221; css=&#8221;.vc_custom_1443691880548{padding-top: 5% !important;padding-bottom: 5% !important;background: #2d2d2d url(http:\/\/www.fireboox.fr\/wp-content\/uploads\/2015\/09\/retailer-home1-1.jpg?id=86) !important;background-position: center !important;background-repeat: no-repeat !important;background-size: cover !important;}&#8221; background_style=&#8221;normal&#8221;][vc_column][vc_row_inner type=&#8221;boxed&#8221; css=&#8221;.vc_custom_1404485577172{margin-top: 75px !important;margin-bottom: 75px !important;}&#8221;][vc_column_inner][vc_single_image image=&#8221;221&#8243; img_size=&#8221;full&#8221; alignment=&#8221;center&#8221; css_animation=&#8221;bottom-to-top&#8221;][\/vc_column_inner][\/vc_row_inner][vc_row_inner type=&#8221;boxed&#8221; css=&#8221;.vc_custom_1404485963952{margin-bottom: 75px !important;padding-top: 5% !important;}&#8221;][vc_column_inner width=&#8221;1\/2&#8243; css=&#8221;.vc_custom_1404743813549{padding-right: 30px !important;}&#8221;][title_subtitle title=&#8221;Richard Meier&#8221; title_color=&#8221;#d7b992&#8243; subtitle=&#8221;\u00ab \u2026 l\u2019essentiel est de saisir chaque volume \u00e0 l\u2019\u00e9tat d\u2019explosion comme la d\u00e9monstration visible de la plasticit\u00e9 d\u2019un monde. \u00bb&#8221; subtitle_color=&#8221;#ffffff&#8221; subtitle_size=&#8221;18&#8243; align=&#8221;left&#8221;][vc_btn title=&#8221;Site Internet Voix Editions&#8221; style=&#8221;outline-custom&#8221; outline_custom_color=&#8221;#ffffff&#8221; outline_custom_hover_background=&#8221;#666666&#8243; outline_custom_hover_text=&#8221;#ffffff&#8221; shape=&#8221;square&#8221; link=&#8221;url:http%3A%2F%2Fwww.voixeditions.com||target:%20_blank|&#8221;][\/vc_column_inner][vc_column_inner width=&#8221;1\/2&#8243;][vc_column_text]<\/p>\n<div class=\"row\">\n<div class=\"full-width-text spb_content_element span8 spb_text_column\">\n<div class=\"spb_wrapper clearfix\">\n<p style=\"text-align: justify;\"><span style=\"color: #ffffff;\">Richard Meier suit sa voie depuis plus de trente ans. Une voie polyphonique. Suivre sa voie ne signifie pas avoir vocation \u00e0. R.M. n\u2019est pas de ceux qui en ont une. Mais il sait se vouer \u00e0 ce qu\u2019il aime faire. Il suit sa voie sans regarder au loin, sans pr\u00e9voir. Il avance, pas \u00e0 pas, ou plut\u00f4t livre \u00e0 livre pour, au final, laisser des traces nettes, un vrai parcours. Un peu comme les voies de chemin de fer, des voies qui \u00e9pousent la g\u00e9ographie de la terre, et qui, quand c\u2019est n\u00e9cessaire, la heurte de front, la terre, en tunnels. Pour s\u2019y frayer un passage, une voie.<\/span><\/p>\n<p style=\"text-align: justify;\"><span style=\"color: #ffffff;\">Conduit par l\u2019envie, le d\u00e9sir, il \u00ab flashe \u00bb pour un texte, le travail d\u2019un artiste et il choisit, sur le champ, tr\u00e8s vite, presque \u00e0 l\u2019instinct, d\u2019en faire livre. Il sait ce qui fera livre ou ne le fera pas. \u00c0 chacun ses \u00e9prouvettes. Dick Higgins disait combien \u00e9tait cruciale l\u2019exp\u00e9rience de faire un livre et il ajoutait que la seule bonne question \u00e0 se poser, en en tournant les pages, \u00e9tait \u00ab De quoi ai-je fait l\u2019exp\u00e9rience ? \u00bb. Chaque livre n\u00e9 sous les auspices de Richard Meier est de l\u2019ordre de l\u2019exp\u00e9rience. Du \u00ab essayons \u00bb, de la prise de risques, du \u00ab osons l\u2019erreur \u00bb, de l\u2019interrogation, du questionnement, de l\u2019attente impatiente, de l\u2019\u00e9motion, du \u00e0 peu-pr\u00e8s, de la victoire, du \u00ab eur\u00eaka ! \u00bb\u2026<\/span><\/p>\n<\/div>\n<\/div>\n<\/div>\n<p>[\/vc_column_text][\/vc_column_inner][\/vc_row_inner][\/vc_column][\/vc_row][vc_row css=&#8221;.vc_custom_1404744854908{padding-top: 75px !important;padding-bottom: 75px !important;background-color: #339f91 !important;}&#8221; background_style=&#8221;normal&#8221; font_color=&#8221;#ffffff&#8221;][vc_column][vc_row_inner type=&#8221;boxed&#8221; css=&#8221;.vc_custom_1404485963952{margin-bottom: 75px !important;padding-top: 5% !important;}&#8221;][vc_column_inner width=&#8221;1\/2&#8243; css=&#8221;.vc_custom_1404744448637{padding-right: 30px !important;}&#8221;][title_subtitle title=&#8221;Sophie Meier&#8221; title_color=&#8221;#ffffff&#8221; subtitle=&#8221; Sophie Meier vit et travaille \u00e0 Lescar. Graphiste, photographiste, elle travaille actuellement comme directrice artistique en free lance et dirige l\u2019\u00e9dition d\u2019une collection de Fireboox en collaboration avec de jeunes designers, graphistes et artistes\u2026 Jeune talent, elle a \u00e9t\u00e9 s\u00e9lectionn\u00e9e et choisie pour faire partie de Marseille 2013 OFF capitale de la Culture en 2013.&#8221; subtitle_color=&#8221;#ffffff&#8221; subtitle_size=&#8221;14&#8243; align=&#8221;left&#8221;][vc_btn title=&#8221;Site Internet&#8221; style=&#8221;outline-custom&#8221; outline_custom_color=&#8221;#ffffff&#8221; outline_custom_hover_background=&#8221;#ffffff&#8221; outline_custom_hover_text=&#8221;#ffffff&#8221; shape=&#8221;square&#8221; size=&#8221;lg&#8221; align=&#8221;left&#8221; link=&#8221;url:http%3A%2F%2Fwww.cosyworks.com||target:%20_blank|&#8221;][\/vc_column_inner][vc_column_inner width=&#8221;1\/2&#8243; css=&#8221;.vc_custom_1404744961517{padding-top: 10px !important;}&#8221;][vc_single_image image=&#8221;223&#8243; img_size=&#8221;full&#8221; alignment=&#8221;center&#8221;][vc_column_text]<\/p>\n<div class=\"container\">\n<div class=\"sixteen columns\">\n<div class=\"singlecontent\">\n<p style=\"text-align: justify;\"><span style=\"color: #ffffff;\">Travail photographique : il s\u2019agit d\u2019une recherche, d\u2019une exploration sur des situations m\u00ealant le r\u00e9el et l\u2019irr\u00e9el. Une histoire imagin\u00e9e et m\u00e9taphorique, o\u00f9 se croise le grave et le na\u00eff, le pr\u00e9sent et le pass\u00e9. Interpeller le regard, susciter l\u2019imaginaire et partager le c\u00f4t\u00e9 cynique et parfois sombre de ces explorations en m\u00ealant la photo, le dessin et le graphisme. C\u2019est une d\u00e9marche plut\u00f4t impulsive, expulsive instantan\u00e9e, brute, qui repose sur du sensible, de l\u2019imaginaire.<\/span><\/p>\n<p style=\"text-align: justify;\"><span style=\"color: #ffffff;\">Travail d\u2019\u00e9dition \u2013 Fireboox Collection : Une bo\u00eete d\u2019allumettes est le r\u00e9ceptacle m\u00eame d\u2019un livre qui se pr\u00e9sente sous la forme d\u2019une pi\u00e8ce pli\u00e9e en accord\u00e9on qui d\u00e9roule et d\u00e9ploie le travail de chaque invit\u00e9. Cette nouvelle offre d\u2019inscription pens\u00e9e et cr\u00e9\u00e9e par l\u2019Editeur Richard Meier \/ <a style=\"color: #ffffff;\" href=\"http:\/\/www.voixeditions.com\" target=\"_blank\">voixeditions<\/a> trouve ici un nouveau public. Les collections diversifi\u00e9es sont co-dirig\u00e9es et \u00e9largies aujourd\u2019hui par Sophie Meier.<\/span><\/p>\n<\/div>\n<\/div>\n<\/div>\n<p>[\/vc_column_text][\/vc_column_inner][\/vc_row_inner][\/vc_column][\/vc_row][vc_row background_style=&#8221;normal&#8221;][vc_column width=&#8221;1\/2&#8243; css=&#8221;.vc_custom_1458735551164{padding-top: 40% !important;padding-bottom: 200px !important;background-image: url(http:\/\/www.fireboox.fr\/wp-content\/uploads\/2015\/09\/gallery-1-5.jpg?id=186) !important;background-position: center !important;background-repeat: no-repeat !important;background-size: cover !important;}&#8221;][team_member image_url=&#8221;1690&#8243; name=&#8221;Richard Meier&#8221; role=&#8221;Editeur &#038; plasticien, cr\u00e9ateur des Fireboox&#8221;]<\/p>\n<p style=\"text-align: justify;\">Lors d&#8217;un d\u00eener anim\u00e9 en compagnie de nombreux acteurs du monde de l&#8217;art,&#8217;\u00e9crivains,conservateurs de mus\u00e9es, artistes &#8211; me demandant ce que j&#8217;allais faire prochainement je d\u00e9crivais ce que j&#8217;allais r\u00e9aliser 2 mois plus tard, cherchant l&#8217;occasion et l&#8217;artiste pour l&#8217;\u00e9v\u00e9nement &#8211; par cela je voulais aller vers le petit ne pas parler d&#8217;un gros projet, \u00e9tant en m\u00eame temps en train de r\u00e9aliser un important volume consacr\u00e9 \u00e0 john cage &#8211; travail d&#8217;un an &#8211; ces fireboox allaient m&#8217;offrir un espace de la promptitude &#8211; mais aussi d&#8217;une &#8220;adresse&#8221; directe au regardeur; ce qui fait le succ\u00e8s des meilleures boites &#8211; je pense \u00e0 ce que l&#8217;on nomme la po\u00e9sie de circonstance. Pour cela la premi\u00e8re fois command\u00e9e \u00e0 Roger Cosme Est\u00e8ve fut r\u00e9alis\u00e9 pour\/dans le cadre des toromachies de Ceret (c\u00e9l\u00e8bre par son mus\u00e9e d&#8217;art moderne &#8211; picasso y fit de tr\u00e8s belle c\u00e9ramique-toromachique) Toro de fuego fut imm\u00e9diatement tir\u00e9 \u00e0 plus de 700 exemplaires et dans des boites &#8220;normales&#8221; c&#8217;\u00e9tait un d\u00e9tournement fuego aussi comme exc\u00e8s d&#8217;amour. ce d\u00e9tournement choquant (il y avait des footballeurs sur les premi\u00e8res boites &#8211; roger cosme est\u00e8ve peint des fond noir et grattait un toro de feu, ce furent ce que l&#8217;on appelle des exemplaires de t\u00eate &#8211; mais \u00e0 tr\u00e8s bas prix.<\/p>\n<p>[\/team_member][\/vc_column][vc_column width=&#8221;1\/2&#8243; css=&#8221;.vc_custom_1458735559300{padding-top: 40% !important;padding-bottom: 200px !important;background-image: url(http:\/\/www.fireboox.fr\/wp-content\/uploads\/2015\/09\/gallery-1-1.jpg?id=182) !important;background-position: center !important;background-repeat: no-repeat !important;background-size: cover !important;}&#8221;][team_member image_url=&#8221;1745&#8243; name=&#8221;sophie meier&#8221; role=&#8221;Collection Cosyworks&#8221;]<\/p>\n<p style=\"text-align: justify;\">Richard est le ma\u00eetre d&#8217;Art, l&#8217;orf\u00e8vre qui met &#8220;en bo\u00eetes&#8221; les artistes et qui les choisis pour sa propre collection. Richard Meier r\u00e9alise tout : l&#8217;impression, le fa\u00e7onnage, le collage. Moi, qui co-dirige la collection nomm\u00e9e Cosyworks, je choisis les artistes et r\u00e9cup\u00e8re les travaux que je transf\u00e8re \u00e0 Richard. En ce qui me concerne, je travaille plus avec la &#8220;jeune cr\u00e9ation&#8221;, des graphistes, des photographes de mode, des illustrateurs et des photographes.<\/p>\n<p>[\/team_member][\/vc_column][\/vc_row][vc_row css=&#8221;.vc_custom_1404741766098{padding-top: 2% !important;padding-bottom: 2% !important;background-color: #333333 !important;}&#8221; background_style=&#8221;normal&#8221;][vc_column][vc_row_inner type=&#8221;boxed&#8221; css=&#8221;.vc_custom_1404741738132{margin-top: 75px !important;margin-bottom: 75px !important;}&#8221;][vc_column_inner][icon_box icon=&#8221;basic-spread-text-bookmark&#8221; icon_style=&#8221;outlined&#8221; icon_color=&#8221;#ffffff&#8221;][\/icon_box][title_subtitle title=&#8221;Comment est n\u00e9e l\u2019id\u00e9e des Fireboox ? (qui, quand, comment, le principe\u2026) Sophie : Une bo\u00eete d\u2019allumettes \/\/ est le lieu\/r\u00e9ceptacle m\u00eame du livre \/\/ o\u00f9 se joue une pi\u00e8ce pli\u00e9e en accord\u00e9on (Leporello) qui d\u00e9roule\/d\u00e9ploie le travail de chaque invit\u00e9. Cette nouvelle offre d\u2019inscription pens\u00e9e et cr\u00e9\u00e9e par l\u2019Editeur Richard Meier \/ voixeditions trouve ici un nouveau public. c\u2019est Richard qui est \u00e0 l\u2019initiative de ce merveilleux projet. Il a pens\u00e9 et cr\u00e9\u00e9 cette collection, co-dirig\u00e9e et \u00e9largie aujourd\u2019hui par moi-m\u00eame CosyWorks \u00e0 Pau.&#8221; title_color=&#8221;#ffffff&#8221; title_size=&#8221;18&#8243; subtitle=&#8221;Fireboox.fr&#8221; subtitle_color=&#8221;#a1a1a1&#8243; subtitle_size=&#8221;24&#8243;][\/vc_column_inner][\/vc_row_inner][\/vc_column][\/vc_row]<\/p>\n<\/section>","protected":false},"excerpt":{"rendered":"<p>[vc_row full_height=&#8221;yes&#8221; font_color=&#8221;#ffffff&#8221; css=&#8221;.vc_custom_1443691880548{padding-top: 5% !important;padding-bottom: 5% !important;background: #2d2d2d url(http:\/\/www.fireboox.fr\/wp-content\/uploads\/2015\/09\/retailer-home1-1.jpg?id=86) !important;background-position: center !important;background-repeat: no-repeat !important;background-size: cover !important;}&#8221; background_style=&#8221;normal&#8221;][vc_column][vc_row_inner type=&#8221;boxed&#8221; css=&#8221;.vc_custom_1404485577172{margin-top: 75px !important;margin-bottom: 75px !important;}&#8221;][vc_column_inner][vc_single_image image=&#8221;221&#8243; img_size=&#8221;full&#8221; alignment=&#8221;center&#8221; css_animation=&#8221;bottom-to-top&#8221;][\/vc_column_inner][\/vc_row_inner][vc_row_inner type=&#8221;boxed&#8221; css=&#8221;.vc_custom_1404485963952{margin-bottom: 75px !important;padding-top: 5% !important;}&#8221;][vc_column_inner width=&#8221;1\/2&#8243; css=&#8221;.vc_custom_1404743813549{padding-right: 30px !important;}&#8221;][title_subtitle title=&#8221;Richard Meier&#8221; title_color=&#8221;#d7b992&#8243; subtitle=&#8221;\u00ab \u2026 l\u2019essentiel est de saisir chaque volume \u00e0 l\u2019\u00e9tat d\u2019explosion comme la d\u00e9monstration [&hellip;]<\/p>\n","protected":false},"author":1,"featured_media":0,"parent":2685,"menu_order":0,"comment_status":"closed","ping_status":"closed","template":"page-full_single_footer.php","meta":{"footnotes":""},"class_list":["post-2690","page","type-page","status-publish","hentry"],"aioseo_notices":[],"_links":{"self":[{"href":"https:\/\/www.fireboox.fr\/index.php?rest_route=\/wp\/v2\/pages\/2690"}],"collection":[{"href":"https:\/\/www.fireboox.fr\/index.php?rest_route=\/wp\/v2\/pages"}],"about":[{"href":"https:\/\/www.fireboox.fr\/index.php?rest_route=\/wp\/v2\/types\/page"}],"author":[{"embeddable":true,"href":"https:\/\/www.fireboox.fr\/index.php?rest_route=\/wp\/v2\/users\/1"}],"replies":[{"embeddable":true,"href":"https:\/\/www.fireboox.fr\/index.php?rest_route=%2Fwp%2Fv2%2Fcomments&post=2690"}],"version-history":[{"count":18,"href":"https:\/\/www.fireboox.fr\/index.php?rest_route=\/wp\/v2\/pages\/2690\/revisions"}],"predecessor-version":[{"id":3160,"href":"https:\/\/www.fireboox.fr\/index.php?rest_route=\/wp\/v2\/pages\/2690\/revisions\/3160"}],"up":[{"embeddable":true,"href":"https:\/\/www.fireboox.fr\/index.php?rest_route=\/wp\/v2\/pages\/2685"}],"wp:attachment":[{"href":"https:\/\/www.fireboox.fr\/index.php?rest_route=%2Fwp%2Fv2%2Fmedia&parent=2690"}],"curies":[{"name":"wp","href":"https:\/\/api.w.org\/{rel}","templated":true}]}}